{"id":572,"date":"2020-06-30T17:22:39","date_gmt":"2020-06-30T17:22:39","guid":{"rendered":"http:\/\/dbm-ev.de\/?page_id=572"},"modified":"2020-09-25T13:21:14","modified_gmt":"2020-09-25T13:21:14","slug":"spielorte","status":"publish","type":"page","link":"https:\/\/dbm-ev.de\/?page_id=572","title":{"rendered":"Spielorte"},"content":{"rendered":"<p><br \/>\n<a href=\"http:\/\/dbm-ev.de\/wp-content\/uploads\/20-21-Vereine-gesamt.pdf\">20-21-Vereine gesamt<\/a><br \/>\n\n<table id=\"tablepress-43\" class=\"tablepress tablepress-id-43\">\n<thead>\n<tr class=\"row-1\">\n\t<th class=\"column-1\">Lokal <\/th><th class=\"column-2\">Strasse <\/th><th class=\"column-3\">PLZ <\/th><th class=\"column-4\">Ort <\/th><th class=\"column-5\">Automaten<\/th>\n<\/tr>\n<\/thead>\n<tbody class=\"row-striping row-hover\">\n<tr class=\"row-2\">\n\t<td class=\"column-1\"><a href=\"https:\/\/www.google.com\/maps\/place\/Alcatraz\/@48.8087933,11.7646248,16z\/data=!3m1!4b1!4m6!3m5!1s0x479fb256d4f31439:0x25135234cf5563cb!8m2!3d48.8087933!4d11.7646248!16s%2Fg%2F1tcx5__w?entry=ttu&#038;g_ep=EgoyMDI1MDkwMy4wIKXMDSoASAFQAw%3D%3D\">Alcatraz  <\/a><\/td><td class=\"column-2\">Stadtplatz 13a <\/td><td class=\"column-3\">93333<\/td><td class=\"column-4\">Neustadt\/Donau <\/td><td class=\"column-5\">3<\/td>\n<\/tr>\n<tr class=\"row-3\">\n\t<td class=\"column-1\"><a href=\"https:\/\/www.google.com\/maps\/place\/Alter+Wirt\/@48.6688946,11.4722787,17z\/data=!3m1!4b1!4m6!3m5!1s0x479e57cae40aaaa1:0xe9b31c079018d739!8m2!3d48.6688946!4d11.4722787!16s%2Fg%2F11cmbqlgjc?entry=ttu&#038;g_ep=EgoyMDI1MDkwMy4wIKXMDSoASAFQAw%3D%3D\">  Alter Wirt  <\/a><\/td><td class=\"column-2\">Dorfplatz 3 <\/td><td class=\"column-3\">85107<\/td><td class=\"column-4\">Baar-Ebenhausen <\/td><td class=\"column-5\">2<\/td>\n<\/tr>\n<tr class=\"row-4\">\n\t<td class=\"column-1\"><a href=\"https:\/\/www.google.com\/maps\/place\/Marktplatz%207,%2086666%20Burgheim\">  Br\u00e4ust\u00fcberl (R\u00fcckgeb\u00e4ude)  <\/a><\/td><td class=\"column-2\">Marktplatz 7 <\/td><td class=\"column-3\">86666<\/td><td class=\"column-4\">Burgheim <\/td><td class=\"column-5\">4<\/td>\n<\/tr>\n<tr class=\"row-5\">\n\t<td class=\"column-1\"><a href=\"https:\/\/www.google.com\/maps\/place\/Chicago+Bistro+Sportsbar\/@48.7168735,11.4860585,17z\/data=!3m1!4b1!4m6!3m5!1s0x479e55e43f15fb81:0xafbdb03525ffc94!8m2!3d48.7168735!4d11.4860585!16s%2Fg%2F1tw1cty8?entry=ttu&#038;g_ep=EgoyMDI1MDkwMy4wIKXMDSoASAFQAw%3D%3D\">  Chicago Casino Bar  <\/a><\/td><td class=\"column-2\">Ingolst\u00e4dter Str. 49 <\/td><td class=\"column-3\">85077<\/td><td class=\"column-4\">Manching <\/td><td class=\"column-5\">3<\/td>\n<\/tr>\n<tr class=\"row-6\">\n\t<td class=\"column-1\"><a href=\"https:\/\/www.google.com\/maps?q=Obere%20Kanal%20Str.%204,%2092334%20Berching\">  Dartarena Berching  <\/a><\/td><td class=\"column-2\">Obere Kanal Str. 4 <\/td><td class=\"column-3\">92334<\/td><td class=\"column-4\">Berching <\/td><td class=\"column-5\">6<\/td>\n<\/tr>\n<tr class=\"row-7\">\n\t<td class=\"column-1\"><a href=\"https:\/\/www.google.com\/maps\/place\/Regensburger+Str.+26,+85098+Gro\u00dfmehring\/@48.7666642,11.5373766,17z\/data=!3m1!4b1!4m6!3m5!1s0x479e5521db189a4b:0x91b0658018b4d510!8m2!3d48.7666642!4d11.5373766!16s%2Fg%2F11csfqt6b8?entry=ttu&#038;g_ep=EgoyMDI1MDkwMy4wIKXMDSoASAFQAw%3D%3D\">  DSV Goa\u00dfer\u00b4a  <\/a><\/td><td class=\"column-2\">Regensburger Str 26 <\/td><td class=\"column-3\">85098<\/td><td class=\"column-4\">Gro\u00dfmehring <\/td><td class=\"column-5\">9<\/td>\n<\/tr>\n<tr class=\"row-8\">\n\t<td class=\"column-1\"><a href=\"https:\/\/www.google.com\/maps\/place\/Knobelbecher\/@48.7555729,11.4441499,16z\/data=!3m1!4b1!4m6!3m5!1s0x479effa7fc9e0797:0x9a7f5d0abf61dff9!8m2!3d48.7555729!4d11.4441499!16s%2Fg%2F1trppspg?entry=ttu&#038;g_ep=EgoyMDI1MDkwMy4wIKXMDSoASAFQAw%3D%3D\">  Knobelbecher  <\/a><\/td><td class=\"column-2\">G\u00fcntherstr. 2 <\/td><td class=\"column-3\">85053<\/td><td class=\"column-4\">Ingolstadt <\/td><td class=\"column-5\">3<\/td>\n<\/tr>\n<tr class=\"row-9\">\n\t<td class=\"column-1\"><a href=\"https:\/\/www.google.com\/maps\/place\/Gewerbegebiet+Moosweg,+Sulzb\u00fcrger+Str.+6A,+92318+Neumarkt+in+der+Oberpfalz\/@49.25735,11.4542551,17z\/data=!3m1!4b1!4m6!3m5!1s0x479f6fc4fe68ebef:0x616c5cbcb0a24db2!8m2!3d49.25735!4d11.45683!16s%2Fg%2F11c2bnzn3f?entry=ttu&#038;g_ep=EgoyMDI1MDkwMy4wIKXMDSoASAFQAw%3D%3D\">  No Name\u00b4s  <\/a><\/td><td class=\"column-2\">Sulzb\u00fcrger Str. 6a <\/td><td class=\"column-3\">92318<\/td><td class=\"column-4\">Neumarkt <\/td><td class=\"column-5\">2<\/td>\n<\/tr>\n<tr class=\"row-10\">\n\t<td class=\"column-1\"><a href=\"https:\/\/www.google.com\/maps\/place\/Pils+Eck\/@48.755162,11.4387008,17z\/data=!3m1!4b1!4m6!3m5!1s0x479eff0077d4491d:0xd712dbd26db0c53d!8m2!3d48.755162!4d11.4387008!16s%2Fg%2F11yb106d0r?entry=ttu&#038;g_ep=EgoyMDI1MDkwMy4wIKXMDSoASAFQAw%3D%3D\">  Pilseck  <\/a><\/td><td class=\"column-2\">Weningstr. 37 <\/td><td class=\"column-3\">85053<\/td><td class=\"column-4\">Ingolstadt <\/td><td class=\"column-5\">3<\/td>\n<\/tr>\n<tr class=\"row-11\">\n\t<td class=\"column-1\"><a href=\"https:\/\/www.google.com\/maps\/place\/Pizzeria+Calabria\/@48.7167691,11.4960404,16z\/data=!3m1!4b1!4m6!3m5!1s0x479e55dd9ffc02e5:0xb04c326793de2145!8m2!3d48.7167691!4d11.4960404!16s%2Fg%2F1tlgwytg?entry=ttu&#038;g_ep=EgoyMDI1MDkwMy4wIKXMDSoASAFQAw%3D%3D\">  Pizzeria Calabria  <\/a><\/td><td class=\"column-2\">Geisenfelderstr. 14 <\/td><td class=\"column-3\">85077<\/td><td class=\"column-4\">Manching <\/td><td class=\"column-5\">3<\/td>\n<\/tr>\n<tr class=\"row-12\">\n\t<td class=\"column-1\"><a href=\"https:\/\/www.google.com\/maps\/place\/Raiffeisenstra\u00dfe+15%2F1.+OG,+85276+Pfaffenhofen+an+der+Ilm\/@48.5359825,11.5127539,17z\/data=!3m1!4b1!4m5!3m4!1s0x479e5c0f954e9fb7:0x75cd11eccd71af60!8m2!3d48.5359825!4d11.5153288?entry=ttu&#038;g_ep=EgoyMDI1MDkwMy4wIKXMDSoASAFQAw%3D%3D\">  R15 DC Rebels Home  <\/a><\/td><td class=\"column-2\">Raiffeisenstr. 15 1. OG <\/td><td class=\"column-3\">85276<\/td><td class=\"column-4\">Pfaffenhofen <\/td><td class=\"column-5\">4<\/td>\n<\/tr>\n<tr class=\"row-13\">\n\t<td class=\"column-1\"><a href=\"https:\/\/www.google.com\/maps\/place\/ANEMOS+-+Griechisches+Restaurant\/@48.82004,11.27595,17z\/data=!3m2!4b1!5s0x479f1d5b817ce873:0xd5a447cf5cc81d2c!4m6!3m5!1s0x479f1de03872dbd3:0x7176d127e734b395!8m2!3d48.82004!4d11.27595!16s%2Fg%2F11fm3vk6nq?entry=ttu&#038;g_ep=EgoyMDI1MDkwMy4wIKXMDSoASAFQAw%3D%3D\">  Restaurant Anemos  <\/a><\/td><td class=\"column-2\">Bahnhofsweg 16 <\/td><td class=\"column-3\">85114<\/td><td class=\"column-4\">Tauberfeld \/ Buxheim <\/td><td class=\"column-5\">3<\/td>\n<\/tr>\n<tr class=\"row-14\">\n\t<td class=\"column-1\"><a href=\"https:\/\/www.google.com\/maps\/place\/Gasthaus+%26+Biergarten+Saaler+Pfandl\/@48.9020567,11.9287055,17z\/data=!3m2!4b1!5s0x479fb78386d030c3:0x41feff174c8f4ed5!4m6!3m5!1s0x479fb783815a93a5:0xa1dfb8196d484e77!8m2!3d48.9020567!4d11.9287055!16s%2Fg%2F11cm8gwxdd?entry=ttu&#038;g_ep=EgoyMDI1MDkwMy4wIKXMDSoASAFQAw%3D%3D\">  Saaler Pfandl  <\/a><\/td><td class=\"column-2\">Mitterer Weg 12 <\/td><td class=\"column-3\">93342<\/td><td class=\"column-4\">Saal <\/td><td class=\"column-5\">10<\/td>\n<\/tr>\n<tr class=\"row-15\">\n\t<td class=\"column-1\"><a href=\"https:\/\/www.google.com\/maps\/place\/Sch\u00fctzenverein+%22Tell%22+Lippersthofen\/@48.8367237,11.3340004,14z\/data=!4m10!1m2!2m1!1sSch\u00fctzenheim+Lippertshofen!3m6!1s0x479f02f9c658ec6d:0x335c982313899195!8m2!3d48.8367237!4d11.3515099!15sChtTY2jDvHR6ZW5oZWltIExpcHBlcnRzaG9mZW5aHSIbc2Now7x0emVuaGVpbSBsaXBwZXJ0c2hvZmVukgEKcmVzdGF1cmFudKoBVxABKhEiDXNjaMO8dHplbmhlaW0oBTIfEAEiG91ssaX_8H260oWx9LDHGYcBM6mSz49Zqv4UQjIfEAIiG3NjaMO8dHplbmhlaW0gbGlwcGVydHNob2ZlbuABAA!16s%2Fg%2F11b724jz_n?entry=ttu&#038;g_ep=EgoyMDI1MDkwMy4wIKXMDSoASAFQAw%3D%3D\">  Sch\u00fctzenheim Lippertshofen  <\/a><\/td><td class=\"column-2\">Hofstettenerstr. 25 <\/td><td class=\"column-3\">85080<\/td><td class=\"column-4\">Lippertshofen <\/td><td class=\"column-5\">6<\/td>\n<\/tr>\n<tr class=\"row-16\">\n\t<td class=\"column-1\"><a href=\"https:\/\/www.google.com\/maps\/place\/Sportgastst\u00e4tte+FC+Hitzhofen-Oberzell\/@48.8497437,11.3074797,17z\/data=!3m1!4b1!4m6!3m5!1s0x479f1d770661a391:0x8d0e1723c13272d7!8m2!3d48.8497437!4d11.3074797!16s%2Fg%2F11fn0031ws?entry=ttu&#038;g_ep=EgoyMDI1MDkwMy4wIKXMDSoASAFQAw%3D%3D\">  Sportheim FC Hitzhofen  <\/a><\/td><td class=\"column-2\">Am Sportplatz 1 <\/td><td class=\"column-3\">85122<\/td><td class=\"column-4\">Hitzhofen <\/td><td class=\"column-5\">2<\/td>\n<\/tr>\n<tr class=\"row-17\">\n\t<td class=\"column-1\"><a href=\"https:\/\/www.google.com\/maps\/place\/SV+Karlshuld+e.V.\/@48.6786887,11.2853734,17z\/data=!3m1!4b1!4m6!3m5!1s0x479efaf0268a2e41:0xfa3d99d9455e6ed8!8m2!3d48.6786887!4d11.2853734!16s%2Fg%2F1tcyk0mn?entry=ttu&#038;g_ep=EgoyMDI1MDkwMy4wIKXMDSoASAFQAw%3D%3D\">  Sportheim SV Karlshuld  <\/a><\/td><td class=\"column-2\">Kindergartenstr. 10 <\/td><td class=\"column-3\">86668<\/td><td class=\"column-4\">Karlshuld <\/td><td class=\"column-5\">2<\/td>\n<\/tr>\n<tr class=\"row-18\">\n\t<td class=\"column-1\"><a href=\"https:\/\/www.google.com\/maps\/place\/Sport+Treff+%26+Senners+Alm+Ingolstadt\/@48.7290272,11.4449602,17z\/data=!3m2!4b1!5s0x479eff38ba3d237f:0x4145f693f9d99179!4m6!3m5!1s0x479eff0779bf27af:0xded9c43711f3ea02!8m2!3d48.7290272!4d11.4449602!16s%2Fg%2F11d_1cc8sv?entry=ttu&#038;g_ep=EgoyMDI1MDkwMy4wIKXMDSoASAFQAw%3D%3D\">  Sporttreff Senner  <\/a><\/td><td class=\"column-2\">Unterlettenweg 1 <\/td><td class=\"column-3\">85051<\/td><td class=\"column-4\">Ingolstadt <\/td><td class=\"column-5\">9<\/td>\n<\/tr>\n<tr class=\"row-19\">\n\t<td class=\"column-1\"><a href=\"https:\/\/www.google.com\/maps\/place\/SV+Karlshuld+e.V.\/@48.6786887,11.2853734,17z\/data=!3m1!4b1!4m6!3m5!1s0x479efaf0268a2e41:0xfa3d99d9455e6ed8!8m2!3d48.6786887!4d11.2853734!16s%2Fg%2F1tcyk0mn?entry=ttu&#038;g_ep=EgoyMDI1MDkwMy4wIKXMDSoASAFQAw%3D%3D\">  SV Ingolstadt-Haunw\u00f6hr e. V.  <\/a><\/td><td class=\"column-2\">Langgasse 10 <\/td><td class=\"column-3\">85051<\/td><td class=\"column-4\">Ingolstadt <\/td><td class=\"column-5\">2<\/td>\n<\/tr>\n<tr class=\"row-20\">\n\t<td class=\"column-1\"><a href=\"https:\/\/www.google.com\/maps\/place\/TipTorro\/@48.7337671,11.1695661,17z\/data=!3m1!4b1!4m6!3m5!1s0x479ee53218fcb5c7:0x1a997becbd52ce12!8m2!3d48.7337671!4d11.1695661!16s%2Fg%2F11ydtkrww6?entry=ttu&#038;g_ep=EgoyMDI1MDkwMy4wIKXMDSoASAFQAw%3D%3D\">  Tiptorro  <\/a><\/td><td class=\"column-2\">Donauw\u00f6rtherstra\u00dfe 71 1\/3 <\/td><td class=\"column-3\">86633<\/td><td class=\"column-4\">Neuburg <\/td><td class=\"column-5\">3<\/td>\n<\/tr>\n<tr class=\"row-21\">\n\t<td class=\"column-1\"><a href=\"https:\/\/www.google.com\/maps\/place\/Flockstra\u00dfe+16,+85098+Gro\u00dfmehring\/@48.7671411,11.512384,17z\/data=!3m1!4b1!4m6!3m5!1s0x479e556ab5630429:0x3bc15095a5029375!8m2!3d48.7671411!4d11.5149589!16s%2Fg%2F11c13yp9gj?entry=ttu&#038;g_ep=EgoyMDI1MDkwMy4wIKXMDSoASAFQAw%3D%3D\">  Wasserh\u00e4usl Gro\u00dfmehring  <\/a><\/td><td class=\"column-2\">Flockstr. 16 <\/td><td class=\"column-3\">85098<\/td><td class=\"column-4\">Gro\u00dfmehring <\/td><td class=\"column-5\">8<\/td>\n<\/tr>\n<tr class=\"row-22\">\n\t<td class=\"column-1\"><a href=\"https:\/\/www.google.com\/maps\/place\/Wei\u00dfbier+Stub\u2018n\/@48.7751142,11.4117952,17z\/data=!3m1!4b1!4m6!3m5!1s0x479effe48a90e093:0x6779cdad48fa73b1!8m2!3d48.7751142!4d11.4117952!16s%2Fg%2F11h_4475bj?entry=ttu&#038;g_ep=EgoyMDI1MDkwMy4wIKXMDSoASAFQAw%3D%3D\">  Wei\u00dfbier Stub\u00b4n  <\/a><\/td><td class=\"column-2\">Richard-Wagner Str. 27 <\/td><td class=\"column-3\">85057<\/td><td class=\"column-4\">Ingolstadt <\/td><td class=\"column-5\">2<\/td>\n<\/tr>\n<tr class=\"row-23\">\n\t<td class=\"column-1\"><a href=\"https:\/\/www.google.com\/maps\/place\/Wei\u00dfbiereck\/@48.7262496,11.4421319,16z\/data=!3m2!4b1!5s0x479eff38485fd5a5:0xb5c733732c995653!4m6!3m5!1s0x479eff38461c3fa3:0xefcf489ed2daa233!8m2!3d48.7262496!4d11.4421319!16s%2Fg%2F11dx8f2302?entry=ttu&#038;g_ep=EgoyMDI1MDkwMy4wIKXMDSoASAFQAw%3D%3D\">  Wei\u00dfbiereck  <\/a><\/td><td class=\"column-2\">M\u00fcnchener Str. 246 <\/td><td class=\"column-3\">85051<\/td><td class=\"column-4\">Ingolstadt <\/td><td class=\"column-5\">8<\/td>\n<\/tr>\n<tr class=\"row-24\">\n\t<td class=\"column-1\"><a href=\"https:\/\/www.google.com\/maps\/place\/Zum+Graf\/@48.6850546,11.6118582,17z\/data=!3m2!4b1!5s0x479e517700d99b15:0x56b3b014292fd0b2!4m6!3m5!1s0x479e517703ee7afb:0xb733c64a63e5547!8m2!3d48.6850546!4d11.6118582!16s%2Fg%2F1tfk7_m3?entry=ttu&#038;g_ep=EgoyMDI1MDkwMy4wIKXMDSoASAFQAw%3D%3D\">  Zum Graf  <\/a><\/td><td class=\"column-2\">Maximilianstr. 11a <\/td><td class=\"column-3\">85290<\/td><td class=\"column-4\">Geisenfeld <\/td><td class=\"column-5\">7<\/td>\n<\/tr>\n<\/tbody>\n<\/table>\n<!-- #tablepress-43 from cache --><\/p>\n","protected":false},"excerpt":{"rendered":"<p>20-21-Vereine gesamt<\/p>\n","protected":false},"author":1,"featured_media":0,"parent":0,"menu_order":0,"comment_status":"closed","ping_status":"open","template":"","meta":{"colormag_page_container_layout":"default_layout","colormag_page_sidebar_layout":"default_layout","footnotes":""},"class_list":["post-572","page","type-page","status-publish","hentry"],"_links":{"self":[{"href":"https:\/\/dbm-ev.de\/index.php?rest_route=\/wp\/v2\/pages\/572","targetHints":{"allow":["GET"]}}],"collection":[{"href":"https:\/\/dbm-ev.de\/index.php?rest_route=\/wp\/v2\/pages"}],"about":[{"href":"https:\/\/dbm-ev.de\/index.php?rest_route=\/wp\/v2\/types\/page"}],"author":[{"embeddable":true,"href":"https:\/\/dbm-ev.de\/index.php?rest_route=\/wp\/v2\/users\/1"}],"replies":[{"embeddable":true,"href":"https:\/\/dbm-ev.de\/index.php?rest_route=%2Fwp%2Fv2%2Fcomments&post=572"}],"version-history":[{"count":3,"href":"https:\/\/dbm-ev.de\/index.php?rest_route=\/wp\/v2\/pages\/572\/revisions"}],"predecessor-version":[{"id":1160,"href":"https:\/\/dbm-ev.de\/index.php?rest_route=\/wp\/v2\/pages\/572\/revisions\/1160"}],"wp:attachment":[{"href":"https:\/\/dbm-ev.de\/index.php?rest_route=%2Fwp%2Fv2%2Fmedia&parent=572"}],"curies":[{"name":"wp","href":"https:\/\/api.w.org\/{rel}","templated":true}]}}